{"id":263,"date":"2023-05-08T22:04:20","date_gmt":"2023-05-08T20:04:20","guid":{"rendered":"https:\/\/dprsm.gov.mk\/wp\/?page_id=263"},"modified":"2023-12-26T14:17:19","modified_gmt":"2023-12-26T13:17:19","slug":"kontakt-informacione","status":"publish","type":"page","link":"https:\/\/dprsm.gov.mk\/wp\/sq\/kontakt-informacione\/","title":{"rendered":"Kontakt Informacione"},"content":{"rendered":"<section class=\"wpb-content-wrapper\"><p>[vc_row][vc_column width=&#8221;1\/2&#8243;]\n<div class=\"wpcf7 no-js\" id=\"wpcf7-f6-o1\" lang=\"en-US\" dir=\"ltr\" data-wpcf7-id=\"6\">\n<div class=\"screen-reader-response\"><p role=\"status\" aria-live=\"polite\" aria-atomic=\"true\"><\/p> <ul><\/ul><\/div>\n<form action=\"\/wp\/wp-json\/wp\/v2\/pages\/263#wpcf7-f6-o1\" method=\"post\" class=\"wpcf7-form init\" aria-label=\"Contact form\" novalidate=\"novalidate\" data-status=\"init\">\n<fieldset class=\"hidden-fields-container\"><input type=\"hidden\" name=\"_wpcf7\" value=\"6\" \/><input type=\"hidden\" name=\"_wpcf7_version\" value=\"6.1.5\" \/><input type=\"hidden\" name=\"_wpcf7_locale\" value=\"en_US\" \/><input type=\"hidden\" name=\"_wpcf7_unit_tag\" value=\"wpcf7-f6-o1\" \/><input type=\"hidden\" name=\"_wpcf7_container_post\" value=\"0\" \/><input type=\"hidden\" name=\"_wpcf7_posted_data_hash\" value=\"\" \/>\n<\/fieldset>\n<p><label> \u0418\u043c\u0435 \/ Emri<br \/>\n<span class=\"wpcf7-form-control-wrap\" data-name=\"your-name\"><input size=\"40\" maxlength=\"400\" class=\"wpcf7-form-control wpcf7-text wpcf7-validates-as-required\" autocomplete=\"name\" aria-required=\"true\" aria-invalid=\"false\" value=\"\" type=\"text\" name=\"your-name\" \/><\/span> <\/label>\n<\/p>\n<p><label> \u0415 \u043f\u043e\u0448\u0442\u0430 \/ email<br \/>\n<span class=\"wpcf7-form-control-wrap\" data-name=\"your-email\"><input size=\"40\" maxlength=\"400\" class=\"wpcf7-form-control wpcf7-email wpcf7-validates-as-required wpcf7-text wpcf7-validates-as-email\" autocomplete=\"email\" aria-required=\"true\" aria-invalid=\"false\" value=\"\" type=\"email\" name=\"your-email\" \/><\/span> <\/label>\n<\/p>\n<p><label> \u041d\u0430\u0441\u043b\u043e\u0432 \/ Titulli<br \/>\n<span class=\"wpcf7-form-control-wrap\" data-name=\"your-subject\"><input size=\"40\" maxlength=\"400\" class=\"wpcf7-form-control wpcf7-text wpcf7-validates-as-required\" aria-required=\"true\" aria-invalid=\"false\" value=\"\" type=\"text\" name=\"your-subject\" \/><\/span> <\/label>\n<\/p>\n<p><label> \u041f\u043e\u0440\u0430\u043a\u0430 \/ Mesazh<br \/>\n<span class=\"wpcf7-form-control-wrap\" data-name=\"your-message\"><textarea cols=\"40\" rows=\"10\" maxlength=\"2000\" class=\"wpcf7-form-control wpcf7-textarea\" aria-invalid=\"false\" name=\"your-message\"><\/textarea><\/span> <\/label>\n<\/p>\n<p><input class=\"wpcf7-form-control wpcf7-submit has-spinner\" type=\"submit\" value=\"\u0418\u0441\u043f\u0440\u0430\u0442\u0438 \/ D\u00ebrgoni\" \/>\n<\/p><div class=\"frc-captcha dark\" data-sitekey=\"FCML1N5CRUBBHSDB\" data-lang=\"en\" ><\/div>\n\t\t<noscript>You need to enable Javascript for the anti-spam check.<\/noscript><div class=\"wpcf7-response-output\" aria-hidden=\"true\"><\/div>\n<\/form>\n<\/div>\n[\/vc_column][vc_column width=&#8221;1\/2&#8243;][vc_column_text]<strong>\u2709\ufe0f&nbsp;<\/strong>&nbsp;dpskopje@dprsm.gov.mk<br \/>\n\u260e\ufe0f&nbsp;+389 2 3230-214<br \/>\n\u260e\ufe0f&nbsp;+389 2 3230-217<\/p>\n<p><strong>Adres\u00eb:<\/strong> Bulevar Goce Dell\u00e7ev, 18 n\u00eb objektin e televizionit maqedonas, kati 6<\/p>\n<p><strong>Orari i Pun\u00ebs:<\/strong><br \/>\nEheni &#8211; Premte&nbsp; 07:30\/08:30 deri 15:30\/16:30<\/p>\n<p><strong>Pauz\u00eb<br \/>\n<\/strong>11:00 &#8211; 11:30<\/p>\n<p>\ud83c\udf10&nbsp;www.dprsm.gov.mk |&nbsp;\ud83c\udf10&nbsp;www.drzavnopravobranitelstvo.gov.mk[\/vc_column_text][\/vc_column][\/vc_row]<\/p>\n<\/section>","protected":false},"excerpt":{"rendered":"<p>[vc_row][vc_column width=&#8221;1\/2&#8243;][\/vc_column][vc_column width=&#8221;1\/2&#8243;][vc_column_text]\u2709\ufe0f&nbsp;&nbsp;dpskopje@dprsm.gov.mk \u260e\ufe0f&nbsp;+389 2 3230-214 \u260e\ufe0f&nbsp;+389 2 3230-217 Adres\u00eb: Bulevar Goce Dell\u00e7ev, 18 n\u00eb objektin e televizionit maqedonas, kati 6 Orari i Pun\u00ebs: Eheni &#8211; Premte&nbsp; 07:30\/08:30 deri 15:30\/16:30 Pauz\u00eb 11:00 &#8211; 11:30 \ud83c\udf10&nbsp;www.dprsm.gov.mk |&nbsp;\ud83c\udf10&nbsp;www.drzavnopravobranitelstvo.gov.mk[\/vc_column_text][\/vc_column][\/vc_row]<\/p>\n","protected":false},"author":1,"featured_media":128,"parent":0,"menu_order":0,"comment_status":"closed","ping_status":"closed","template":"","meta":{"ngg_post_thumbnail":0,"footnotes":""},"class_list":["post-263","page","type-page","status-publish","has-post-thumbnail","hentry"],"_links":{"self":[{"href":"https:\/\/dprsm.gov.mk\/wp\/wp-json\/wp\/v2\/pages\/263","targetHints":{"allow":["GET"]}}],"collection":[{"href":"https:\/\/dprsm.gov.mk\/wp\/wp-json\/wp\/v2\/pages"}],"about":[{"href":"https:\/\/dprsm.gov.mk\/wp\/wp-json\/wp\/v2\/types\/page"}],"author":[{"embeddable":true,"href":"https:\/\/dprsm.gov.mk\/wp\/wp-json\/wp\/v2\/users\/1"}],"replies":[{"embeddable":true,"href":"https:\/\/dprsm.gov.mk\/wp\/wp-json\/wp\/v2\/comments?post=263"}],"version-history":[{"count":8,"href":"https:\/\/dprsm.gov.mk\/wp\/wp-json\/wp\/v2\/pages\/263\/revisions"}],"predecessor-version":[{"id":5801,"href":"https:\/\/dprsm.gov.mk\/wp\/wp-json\/wp\/v2\/pages\/263\/revisions\/5801"}],"wp:featuredmedia":[{"embeddable":true,"href":"https:\/\/dprsm.gov.mk\/wp\/wp-json\/wp\/v2\/media\/128"}],"wp:attachment":[{"href":"https:\/\/dprsm.gov.mk\/wp\/wp-json\/wp\/v2\/media?parent=263"}],"curies":[{"name":"wp","href":"https:\/\/api.w.org\/{rel}","templated":true}]}}